{"id":869,"date":"2024-07-04T09:06:28","date_gmt":"2024-07-04T13:06:28","guid":{"rendered":"https:\/\/servicesmecaniquesldr.com\/ldr\/"},"modified":"2024-09-16T15:30:09","modified_gmt":"2024-09-16T19:30:09","slug":"ldr","status":"publish","type":"page","link":"https:\/\/servicesmecaniquesldr.com\/en\/ldr\/","title":{"rendered":"LDR"},"content":{"rendered":"<p>[et_pb_section fb_built=&#8221;1&#8243; module_class=&#8221;head-page&#8221; _builder_version=&#8221;4.26.1&#8243; _module_preset=&#8221;default&#8221; background_image=&#8221;https:\/\/servicesmecaniquesldr.com\/wp-content\/uploads\/2024\/07\/bandeau-services-mecaniques-ldr.jpg&#8221; background_position=&#8221;top_center&#8221; global_colors_info=&#8221;{}&#8221;][et_pb_row _builder_version=&#8221;4.26.0&#8243; _module_preset=&#8221;default&#8221; global_colors_info=&#8221;{}&#8221;][et_pb_column type=&#8221;4_4&#8243; _builder_version=&#8221;4.26.0&#8243; _module_preset=&#8221;default&#8221; global_colors_info=&#8221;{}&#8221;][et_pb_text module_class=&#8221;texte-blanc h1-barres-blanches&#8221; _builder_version=&#8221;4.27.0&#8243; _module_preset=&#8221;default&#8221; background_enable_color=&#8221;off&#8221; global_colors_info=&#8221;{}&#8221;]<\/p>\n<h1>Services m\u00e9caniques LDR<\/h1>\n<h5>Heavy machinery, heavy vehicle and industrial fleet mechanic garage. We&#8217;re the biggest garage in northern Lac Saint Jean with the largest parts inventory.<\/h5>\n<p>[\/et_pb_text][\/et_pb_column][\/et_pb_row][\/et_pb_section][et_pb_section fb_built=&#8221;1&#8243; _builder_version=&#8221;4.26.0&#8243; _module_preset=&#8221;default&#8221; custom_padding=&#8221;||0px||false|false&#8221; locked=&#8221;off&#8221; global_colors_info=&#8221;{}&#8221;][et_pb_row column_structure=&#8221;1_2,1_2&#8243; use_custom_gutter=&#8221;on&#8221; gutter_width=&#8221;1&#8243; module_class=&#8221;full-row-img-droite&#8221; _builder_version=&#8221;4.26.0&#8243; _module_preset=&#8221;default&#8221; width=&#8221;100%&#8221; max_width=&#8221;none&#8221; custom_padding=&#8221;0px||0px||true|false&#8221; global_colors_info=&#8221;{}&#8221;][et_pb_column type=&#8221;1_2&#8243; _builder_version=&#8221;4.26.0&#8243; _module_preset=&#8221;default&#8221; global_colors_info=&#8221;{}&#8221;][et_pb_text module_class=&#8221;h2-barres-rouges&#8221; _builder_version=&#8221;4.27.0&#8243; _module_preset=&#8221;default&#8221; global_colors_info=&#8221;{}&#8221;]<\/p>\n<h2>The largest garage in northern Lac Saint Jean<\/h2>\n<p>At <strong>Services m\u00e9caniques LDR<\/strong>, our mission is to provide you with superior solutions to repair and maintain your equipment. Our availability and the trust you place in us make us special. When you call us, you know you\u2019ll be getting personalized, reliable service. We\u2019re close by and committed, and we\u2019ll build a loyal relationship with you. We provide lasting repairs at competitive prices thanks to our extensive network of suppliers, and we always strive to find the best solutions for your specific needs.<\/p>\n<p>[\/et_pb_text][\/et_pb_column][et_pb_column type=&#8221;1_2&#8243; _builder_version=&#8221;4.26.0&#8243; _module_preset=&#8221;default&#8221; global_colors_info=&#8221;{}&#8221;][et_pb_image src=&#8221;https:\/\/servicesmecaniquesldr.com\/wp-content\/uploads\/2024\/07\/plus-gros-garage-lac-st-jean-ldr.jpg&#8221; alt=&#8221;plus-gros-garage-lac-st-jean-ldr&#8221; title_text=&#8221;plus-gros-garage-lac-st-jean-ldr&#8221; force_fullwidth=&#8221;on&#8221; _builder_version=&#8221;4.26.1&#8243; _module_preset=&#8221;default&#8221; global_colors_info=&#8221;{}&#8221;][\/et_pb_image][et_pb_blurb image=&#8221;https:\/\/servicesmecaniquesldr.com\/wp-content\/uploads\/2024\/08\/christian-rond-services-mecaniques-ldr.png&#8221; alt=&#8221;christian-rond-services-mecaniques-ldr&#8221; icon_placement=&#8221;left&#8221; module_class=&#8221;conseiller&#8221; _builder_version=&#8221;4.27.0&#8243; _module_preset=&#8221;default&#8221; locked=&#8221;off&#8221; global_colors_info=&#8221;{}&#8221;]<\/p>\n<h3>Christian Bouchard<\/h3>\n<p>Shareholder and mechanic foreman<\/p>\n<h4><a href=\"tel:4186371975\">418 637-1975<\/a><\/h4>\n<p>[\/et_pb_blurb][\/et_pb_column][\/et_pb_row][\/et_pb_section][et_pb_section fb_built=&#8221;1&#8243; _builder_version=&#8221;4.26.0&#8243; _module_preset=&#8221;default&#8221; custom_padding=&#8221;||0px||false|false&#8221; global_colors_info=&#8221;{}&#8221;][et_pb_row _builder_version=&#8221;4.26.0&#8243; _module_preset=&#8221;default&#8221; custom_padding=&#8221;||0px||false|false&#8221; global_colors_info=&#8221;{}&#8221;][et_pb_column type=&#8221;4_4&#8243; _builder_version=&#8221;4.26.0&#8243; _module_preset=&#8221;default&#8221; global_colors_info=&#8221;{}&#8221;][et_pb_text module_class=&#8221;h3-barres-rouges&#8221; _builder_version=&#8221;4.27.0&#8243; _module_preset=&#8221;default&#8221; global_colors_info=&#8221;{}&#8221;]<\/p>\n<h2>Contractors\u2019 general store<\/h2>\n<h3>Mechanical part repair and installation<\/h3>\n<p>[\/et_pb_text][\/et_pb_column][\/et_pb_row][\/et_pb_section][et_pb_section fb_built=&#8221;1&#8243; module_class=&#8221;texte-blanc&#8221; _builder_version=&#8221;4.26.0&#8243; _module_preset=&#8221;default&#8221; background_color=&#8221;#021827&#8243; background_image=&#8221;https:\/\/servicesmecaniquesldr.com\/wp-content\/uploads\/2024\/07\/trace-fonce-services-mecaniques-ldr.svg&#8221; custom_padding=&#8221;0px||0px||true|false&#8221; global_colors_info=&#8221;{}&#8221;][et_pb_row column_structure=&#8221;1_3,2_3&#8243; use_custom_gutter=&#8221;on&#8221; gutter_width=&#8221;1&#8243; module_class=&#8221;full-row-petite-img-gauche&#8221; _builder_version=&#8221;4.26.0&#8243; _module_preset=&#8221;default&#8221; width=&#8221;100%&#8221; max_width=&#8221;none&#8221; custom_padding=&#8221;0px||0px||true|false&#8221; global_colors_info=&#8221;{}&#8221;][et_pb_column type=&#8221;1_3&#8243; _builder_version=&#8221;4.26.0&#8243; _module_preset=&#8221;default&#8221; global_colors_info=&#8221;{}&#8221;][et_pb_image src=&#8221;https:\/\/servicesmecaniquesldr.com\/wp-content\/uploads\/2024\/07\/magasin-general-services-mecaniques-ldr.jpg&#8221; alt=&#8221;magasin-general-services-mecaniques-ldr&#8221; title_text=&#8221;magasin-general-services-mecaniques-ldr&#8221; force_fullwidth=&#8221;on&#8221; _builder_version=&#8221;4.26.1&#8243; _module_preset=&#8221;default&#8221; custom_margin=&#8221;||||false|false&#8221; global_colors_info=&#8221;{}&#8221;][\/et_pb_image][\/et_pb_column][et_pb_column type=&#8221;2_3&#8243; _builder_version=&#8221;4.26.0&#8243; _module_preset=&#8221;default&#8221; background_enable_image=&#8221;off&#8221; global_colors_info=&#8221;{}&#8221;][et_pb_text _builder_version=&#8221;4.27.0&#8243; _module_preset=&#8221;default&#8221; custom_margin=&#8221;100px||50px||false|false&#8221; global_colors_info=&#8221;{}&#8221;]<\/p>\n<p>At <strong>Services m\u00e9caniques LDR<\/strong>, we&#8217;re a contractors\u2019 general store! With the largest garage in the northern Lac Saint Jean region, we\u2019re ready to take care of all your mechanical part repair and installation needs.<\/p>\n<p>[\/et_pb_text][et_pb_blurb title=&#8221;Mechanic services&#8221; image=&#8221;https:\/\/servicesmecaniquesldr.com\/wp-content\/uploads\/2024\/07\/icon-stroke-services-mecaniques-ldr.svg&#8221; alt=&#8221;icon-stroke-services-mecaniques-ldr&#8221; icon_placement=&#8221;left&#8221; module_class=&#8221;resume-50&#8243; _builder_version=&#8221;4.27.0&#8243; _module_preset=&#8221;default&#8221; header_level=&#8221;h3&#8243; global_colors_info=&#8221;{}&#8221;][\/et_pb_blurb][et_pb_blurb title=&#8221;Welding and machining&#8221; image=&#8221;https:\/\/servicesmecaniquesldr.com\/wp-content\/uploads\/2024\/07\/icon-stroke-services-mecaniques-ldr.svg&#8221; alt=&#8221;icon-stroke-services-mecaniques-ldr&#8221; icon_placement=&#8221;left&#8221; module_class=&#8221;resume-50&#8243; _builder_version=&#8221;4.27.0&#8243; _module_preset=&#8221;default&#8221; header_level=&#8221;h3&#8243; global_colors_info=&#8221;{}&#8221;][\/et_pb_blurb][et_pb_blurb title=&#8221;Repair&#8221; image=&#8221;https:\/\/servicesmecaniquesldr.com\/wp-content\/uploads\/2024\/07\/icon-stroke-services-mecaniques-ldr.svg&#8221; alt=&#8221;icon-stroke-services-mecaniques-ldr&#8221; icon_placement=&#8221;left&#8221; module_class=&#8221;resume-50&#8243; _builder_version=&#8221;4.27.0&#8243; _module_preset=&#8221;default&#8221; header_level=&#8221;h3&#8243; global_colors_info=&#8221;{}&#8221;][\/et_pb_blurb][et_pb_blurb title=&#8221;Showroom&#8221; image=&#8221;https:\/\/servicesmecaniquesldr.com\/wp-content\/uploads\/2024\/07\/icon-stroke-services-mecaniques-ldr.svg&#8221; alt=&#8221;icon-stroke-services-mecaniques-ldr&#8221; icon_placement=&#8221;left&#8221; module_class=&#8221;resume-50&#8243; _builder_version=&#8221;4.27.0&#8243; _module_preset=&#8221;default&#8221; header_level=&#8221;h3&#8243; global_colors_info=&#8221;{}&#8221;][\/et_pb_blurb][et_pb_blurb title=&#8221;Part sales&#8221; image=&#8221;https:\/\/servicesmecaniquesldr.com\/wp-content\/uploads\/2024\/07\/icon-stroke-services-mecaniques-ldr.svg&#8221; alt=&#8221;icon-stroke-services-mecaniques-ldr&#8221; icon_placement=&#8221;left&#8221; module_class=&#8221;resume-50&#8243; _builder_version=&#8221;4.27.0&#8243; _module_preset=&#8221;default&#8221; header_level=&#8221;h3&#8243; global_colors_info=&#8221;{}&#8221;][\/et_pb_blurb][et_pb_blurb title=&#8221;Emergency services&#8221; image=&#8221;https:\/\/servicesmecaniquesldr.com\/wp-content\/uploads\/2024\/07\/icon-stroke-services-mecaniques-ldr.svg&#8221; alt=&#8221;icon-stroke-services-mecaniques-ldr&#8221; icon_placement=&#8221;left&#8221; module_class=&#8221;resume-50&#8243; _builder_version=&#8221;4.27.0&#8243; _module_preset=&#8221;default&#8221; header_level=&#8221;h3&#8243; global_colors_info=&#8221;{}&#8221;][\/et_pb_blurb][et_pb_button button_url=&#8221;@ET-DC@eyJkeW5hbWljIjp0cnVlLCJjb250ZW50IjoicG9zdF9saW5rX3VybF9wYWdlIiwic2V0dGluZ3MiOnsicG9zdF9pZCI6IjE4IiwiZW5hYmxlX2h0bWwiOiJvZmYifX0=@&#8221; button_text=&#8221;Mechanic services&#8221; module_class=&#8221;btn-outline&#8221; _builder_version=&#8221;4.27.0&#8243; _dynamic_attributes=&#8221;button_url&#8221; _module_preset=&#8221;default&#8221; custom_margin=&#8221;50px||50px||true|false&#8221; global_colors_info=&#8221;{}&#8221;][\/et_pb_button][et_pb_text _builder_version=&#8221;4.27.0&#8243; _module_preset=&#8221;default&#8221; custom_margin=&#8221;||50px||false|false&#8221; hover_enabled=&#8221;0&#8243; global_colors_info=&#8221;{}&#8221; sticky_enabled=&#8221;0&#8243;]<\/p>\n<h4>&#8220;We never say no! We want to provide the best service.&#8221;<\/h4>\n<h4>&#8220;We strive to provide the best after-sales service by listening to our customers.&#8221;<\/h4>\n<h3 style=\"text-align: right;\">Christian Bouchard<\/h3>\n<p style=\"text-align: right;\">Shareholder and mechanic foreman<\/p>\n<p>[\/et_pb_text][\/et_pb_column][\/et_pb_row][\/et_pb_section][et_pb_section fb_built=&#8221;1&#8243; module_class=&#8221;texte-blanc&#8221; _builder_version=&#8221;4.26.0&#8243; _module_preset=&#8221;default&#8221; custom_padding=&#8221;0px||0px||true|false&#8221; saved_tabs=&#8221;all&#8221; global_colors_info=&#8221;{}&#8221;][et_pb_row column_structure=&#8221;1_2,1_2&#8243; use_custom_gutter=&#8221;on&#8221; gutter_width=&#8221;1&#8243; make_equal=&#8221;on&#8221; _builder_version=&#8221;4.26.0&#8243; _module_preset=&#8221;default&#8221; width=&#8221;100%&#8221; max_width=&#8221;none&#8221; custom_padding=&#8221;0px||0px||true|false&#8221; global_colors_info=&#8221;{}&#8221;][et_pb_column type=&#8221;1_2&#8243; _builder_version=&#8221;4.26.0&#8243; _module_preset=&#8221;default&#8221; global_colors_info=&#8221;{}&#8221;][et_pb_image src=&#8221;https:\/\/servicesmecaniquesldr.com\/wp-content\/uploads\/2024\/07\/contact-services-mecaniques-ldr-2.jpg&#8221; alt=&#8221;contact-services-mecaniques-ldr&#8221; title_text=&#8221;contact-services-mecaniques-ldr&#8221; force_fullwidth=&#8221;on&#8221; _builder_version=&#8221;4.26.1&#8243; _module_preset=&#8221;default&#8221; global_colors_info=&#8221;{}&#8221;][\/et_pb_image][\/et_pb_column][et_pb_column type=&#8221;1_2&#8243; _builder_version=&#8221;4.26.0&#8243; _module_preset=&#8221;default&#8221; background_color=&#8221;#1300f2&#8243; custom_padding=&#8221;50px|50px|50px|50px|true|true&#8221; global_colors_info=&#8221;{}&#8221;][et_pb_text module_class=&#8221;btn-outline&#8221; _builder_version=&#8221;4.27.0&#8243; _module_preset=&#8221;default&#8221; custom_margin=&#8221;||35px||false|false&#8221; global_colors_info=&#8221;{}&#8221;]<\/p>\n<h2>Contact us<\/h2>\n<p>Talk to us about your heavy machinery, heavy vehicle or industrial fleet mechanic needs. We look forward to hearing from you.<\/p>\n<p>\n<div class=\"wpcf7 no-js\" id=\"wpcf7-f894-o1\" lang=\"en-US\" dir=\"ltr\" data-wpcf7-id=\"894\">\n<div class=\"screen-reader-response\"><p role=\"status\" aria-live=\"polite\" aria-atomic=\"true\"><\/p> <ul><\/ul><\/div>\n<form action=\"\/en\/wp-json\/wp\/v2\/pages\/869#wpcf7-f894-o1\" method=\"post\" class=\"wpcf7-form init\" aria-label=\"Contact form\" enctype=\"multipart\/form-data\" novalidate=\"novalidate\" data-status=\"init\">\n<fieldset class=\"hidden-fields-container\"><input type=\"hidden\" name=\"_wpcf7\" value=\"894\" \/><input type=\"hidden\" name=\"_wpcf7_version\" value=\"6.1.5\" \/><input type=\"hidden\" name=\"_wpcf7_locale\" value=\"en_US\" \/><input type=\"hidden\" name=\"_wpcf7_unit_tag\" value=\"wpcf7-f894-o1\" \/><input type=\"hidden\" name=\"_wpcf7_container_post\" value=\"0\" \/><input type=\"hidden\" name=\"_wpcf7_posted_data_hash\" value=\"\" \/><input type=\"hidden\" name=\"_wpcf7_recaptcha_response\" value=\"\" \/>\n<\/fieldset>\n<div class=\"input-50\">\n\t<p><span class=\"wpcf7-form-control-wrap\" data-name=\"nom\"><input size=\"40\" maxlength=\"400\" class=\"wpcf7-form-control wpcf7-text wpcf7-validates-as-required\" aria-required=\"true\" aria-invalid=\"false\" placeholder=\"Full name\" value=\"\" type=\"text\" name=\"nom\" \/><\/span><br \/>\n<span class=\"wpcf7-form-control-wrap\" data-name=\"entreprise\"><input size=\"40\" maxlength=\"400\" class=\"wpcf7-form-control wpcf7-text\" aria-invalid=\"false\" placeholder=\"Company\" value=\"\" type=\"text\" name=\"entreprise\" \/><\/span>\n\t<\/p>\n<\/div>\n<p><span class=\"wpcf7-form-control-wrap\" data-name=\"tel\"><input size=\"40\" maxlength=\"400\" class=\"wpcf7-form-control wpcf7-tel wpcf7-text wpcf7-validates-as-tel\" aria-invalid=\"false\" placeholder=\"Phone number\" value=\"\" type=\"tel\" name=\"tel\" \/><\/span><br \/>\n<span class=\"wpcf7-form-control-wrap\" data-name=\"courriel\"><input size=\"40\" maxlength=\"400\" class=\"wpcf7-form-control wpcf7-email wpcf7-validates-as-required wpcf7-text wpcf7-validates-as-email\" aria-required=\"true\" aria-invalid=\"false\" placeholder=\"Email address\" value=\"\" type=\"email\" name=\"courriel\" \/><\/span><br \/>\n<span class=\"wpcf7-form-control-wrap\" data-name=\"message\"><textarea cols=\"40\" rows=\"10\" maxlength=\"2000\" class=\"wpcf7-form-control wpcf7-textarea\" aria-invalid=\"false\" placeholder=\"Email address\" name=\"message\"><\/textarea><\/span><br \/>\n<span class=\"wpcf7-form-control-wrap\" data-name=\"plan\"><input size=\"40\" class=\"wpcf7-form-control wpcf7-file\" accept=\"image\/*,.txt,application\/pdf\" aria-invalid=\"false\" type=\"file\" name=\"plan\" \/><\/span>\n<\/p>\n<p><input class=\"wpcf7-form-control wpcf7-submit has-spinner\" type=\"submit\" value=\"Submit\" \/>\n<\/p><div class=\"wpcf7-response-output\" aria-hidden=\"true\"><\/div>\n<\/form>\n<\/div>\n[\/et_pb_text][\/et_pb_column][\/et_pb_row][\/et_pb_section]<\/p>\n","protected":false},"excerpt":{"rendered":"<p>Services m\u00e9caniques LDR Heavy machinery, heavy vehicle and industrial fleet mechanic garage. We&#8217;re the biggest garage in northern Lac Saint Jean with the largest parts inventory.The largest garage in northern Lac Saint Jean At Services m\u00e9caniques LDR, our mission is to provide you with superior solutions to repair and maintain your equipment. Our availability and [&hellip;]<\/p>\n","protected":false},"author":7,"featured_media":0,"parent":0,"menu_order":0,"comment_status":"closed","ping_status":"closed","template":"","meta":{"_et_pb_use_builder":"on","_et_pb_old_content":"","_et_gb_content_width":"","footnotes":""},"class_list":["post-869","page","type-page","status-publish","hentry"],"yoast_head":"<!-- This site is optimized with the Yoast SEO plugin v27.4 - https:\/\/yoast.com\/product\/yoast-seo-wordpress\/ -->\n<title>Services m\u00e9caniques LDR<\/title>\n<meta name=\"description\" content=\"Garage de m\u00e9canique de machinerie lourde au Nord du Lac-St-Jean, de v\u00e9hicule lourd et de flotte de v\u00e9hicules industriels.\" \/>\n<meta name=\"robots\" content=\"index, follow, max-snippet:-1, max-image-preview:large, max-video-preview:-1\" \/>\n<link rel=\"canonical\" href=\"https:\/\/servicesmecaniquesldr.com\/en\/ldr\/\" \/>\n<meta property=\"og:locale\" content=\"en_US\" \/>\n<meta property=\"og:type\" content=\"article\" \/>\n<meta property=\"og:title\" content=\"Services m\u00e9caniques LDR\" \/>\n<meta property=\"og:description\" content=\"Garage de m\u00e9canique de machinerie lourde au Nord du Lac-St-Jean, de v\u00e9hicule lourd et de flotte de v\u00e9hicules industriels.\" \/>\n<meta property=\"og:url\" content=\"https:\/\/servicesmecaniquesldr.com\/en\/ldr\/\" \/>\n<meta property=\"og:site_name\" content=\"Services m\u00e9caniques LDR\" \/>\n<meta property=\"article:modified_time\" content=\"2024-09-16T19:30:09+00:00\" \/>\n<meta property=\"og:image\" content=\"https:\/\/servicesmecaniquesldr.com\/wp-content\/uploads\/2024\/07\/facebook-services-mecaniques-ldr.jpg\" \/>\n\t<meta property=\"og:image:width\" content=\"1200\" \/>\n\t<meta property=\"og:image:height\" content=\"675\" \/>\n\t<meta property=\"og:image:type\" content=\"image\/jpeg\" \/>\n<meta name=\"twitter:card\" content=\"summary_large_image\" \/>\n<meta name=\"twitter:label1\" content=\"Est. reading time\" \/>\n\t<meta name=\"twitter:data1\" content=\"6 minutes\" \/>\n<script type=\"application\/ld+json\" class=\"yoast-schema-graph\">{\"@context\":\"https:\\\/\\\/schema.org\",\"@graph\":[{\"@type\":\"WebPage\",\"@id\":\"https:\\\/\\\/servicesmecaniquesldr.com\\\/en\\\/ldr\\\/\",\"url\":\"https:\\\/\\\/servicesmecaniquesldr.com\\\/en\\\/ldr\\\/\",\"name\":\"Services m\u00e9caniques LDR\",\"isPartOf\":{\"@id\":\"https:\\\/\\\/servicesmecaniquesldr.com\\\/en\\\/#website\"},\"datePublished\":\"2024-07-04T13:06:28+00:00\",\"dateModified\":\"2024-09-16T19:30:09+00:00\",\"description\":\"Garage de m\u00e9canique de machinerie lourde au Nord du Lac-St-Jean, de v\u00e9hicule lourd et de flotte de v\u00e9hicules industriels.\",\"breadcrumb\":{\"@id\":\"https:\\\/\\\/servicesmecaniquesldr.com\\\/en\\\/ldr\\\/#breadcrumb\"},\"inLanguage\":\"en-US\",\"potentialAction\":[{\"@type\":\"ReadAction\",\"target\":[\"https:\\\/\\\/servicesmecaniquesldr.com\\\/en\\\/ldr\\\/\"]}]},{\"@type\":\"BreadcrumbList\",\"@id\":\"https:\\\/\\\/servicesmecaniquesldr.com\\\/en\\\/ldr\\\/#breadcrumb\",\"itemListElement\":[{\"@type\":\"ListItem\",\"position\":1,\"name\":\"Accueil\",\"item\":\"https:\\\/\\\/servicesmecaniquesldr.com\\\/en\\\/\"},{\"@type\":\"ListItem\",\"position\":2,\"name\":\"LDR\"}]},{\"@type\":\"WebSite\",\"@id\":\"https:\\\/\\\/servicesmecaniquesldr.com\\\/en\\\/#website\",\"url\":\"https:\\\/\\\/servicesmecaniquesldr.com\\\/en\\\/\",\"name\":\"Services m\u00e9caniques LDR\",\"description\":\"Garage de m\u00e9canique de machinerie lourde\",\"publisher\":{\"@id\":\"https:\\\/\\\/servicesmecaniquesldr.com\\\/en\\\/#organization\"},\"potentialAction\":[{\"@type\":\"SearchAction\",\"target\":{\"@type\":\"EntryPoint\",\"urlTemplate\":\"https:\\\/\\\/servicesmecaniquesldr.com\\\/en\\\/?s={search_term_string}\"},\"query-input\":{\"@type\":\"PropertyValueSpecification\",\"valueRequired\":true,\"valueName\":\"search_term_string\"}}],\"inLanguage\":\"en-US\"},{\"@type\":\"Organization\",\"@id\":\"https:\\\/\\\/servicesmecaniquesldr.com\\\/en\\\/#organization\",\"name\":\"Services m\u00e9caniques LDR\",\"url\":\"https:\\\/\\\/servicesmecaniquesldr.com\\\/en\\\/\",\"logo\":{\"@type\":\"ImageObject\",\"inLanguage\":\"en-US\",\"@id\":\"https:\\\/\\\/servicesmecaniquesldr.com\\\/en\\\/#\\\/schema\\\/logo\\\/image\\\/\",\"url\":\"https:\\\/\\\/servicesmecaniquesldr.com\\\/wp-content\\\/uploads\\\/2024\\\/07\\\/logo-footer-services-mecaniques-ldr.svg\",\"contentUrl\":\"https:\\\/\\\/servicesmecaniquesldr.com\\\/wp-content\\\/uploads\\\/2024\\\/07\\\/logo-footer-services-mecaniques-ldr.svg\",\"width\":329,\"height\":160,\"caption\":\"Services m\u00e9caniques LDR\"},\"image\":{\"@id\":\"https:\\\/\\\/servicesmecaniquesldr.com\\\/en\\\/#\\\/schema\\\/logo\\\/image\\\/\"}}]}<\/script>\n<!-- \/ Yoast SEO plugin. -->","yoast_head_json":{"title":"Services m\u00e9caniques LDR","description":"Garage de m\u00e9canique de machinerie lourde au Nord du Lac-St-Jean, de v\u00e9hicule lourd et de flotte de v\u00e9hicules industriels.","robots":{"index":"index","follow":"follow","max-snippet":"max-snippet:-1","max-image-preview":"max-image-preview:large","max-video-preview":"max-video-preview:-1"},"canonical":"https:\/\/servicesmecaniquesldr.com\/en\/ldr\/","og_locale":"en_US","og_type":"article","og_title":"Services m\u00e9caniques LDR","og_description":"Garage de m\u00e9canique de machinerie lourde au Nord du Lac-St-Jean, de v\u00e9hicule lourd et de flotte de v\u00e9hicules industriels.","og_url":"https:\/\/servicesmecaniquesldr.com\/en\/ldr\/","og_site_name":"Services m\u00e9caniques LDR","article_modified_time":"2024-09-16T19:30:09+00:00","og_image":[{"width":1200,"height":675,"url":"https:\/\/servicesmecaniquesldr.com\/wp-content\/uploads\/2024\/07\/facebook-services-mecaniques-ldr.jpg","type":"image\/jpeg"}],"twitter_card":"summary_large_image","twitter_misc":{"Est. reading time":"6 minutes"},"schema":{"@context":"https:\/\/schema.org","@graph":[{"@type":"WebPage","@id":"https:\/\/servicesmecaniquesldr.com\/en\/ldr\/","url":"https:\/\/servicesmecaniquesldr.com\/en\/ldr\/","name":"Services m\u00e9caniques LDR","isPartOf":{"@id":"https:\/\/servicesmecaniquesldr.com\/en\/#website"},"datePublished":"2024-07-04T13:06:28+00:00","dateModified":"2024-09-16T19:30:09+00:00","description":"Garage de m\u00e9canique de machinerie lourde au Nord du Lac-St-Jean, de v\u00e9hicule lourd et de flotte de v\u00e9hicules industriels.","breadcrumb":{"@id":"https:\/\/servicesmecaniquesldr.com\/en\/ldr\/#breadcrumb"},"inLanguage":"en-US","potentialAction":[{"@type":"ReadAction","target":["https:\/\/servicesmecaniquesldr.com\/en\/ldr\/"]}]},{"@type":"BreadcrumbList","@id":"https:\/\/servicesmecaniquesldr.com\/en\/ldr\/#breadcrumb","itemListElement":[{"@type":"ListItem","position":1,"name":"Accueil","item":"https:\/\/servicesmecaniquesldr.com\/en\/"},{"@type":"ListItem","position":2,"name":"LDR"}]},{"@type":"WebSite","@id":"https:\/\/servicesmecaniquesldr.com\/en\/#website","url":"https:\/\/servicesmecaniquesldr.com\/en\/","name":"Services m\u00e9caniques LDR","description":"Garage de m\u00e9canique de machinerie lourde","publisher":{"@id":"https:\/\/servicesmecaniquesldr.com\/en\/#organization"},"potentialAction":[{"@type":"SearchAction","target":{"@type":"EntryPoint","urlTemplate":"https:\/\/servicesmecaniquesldr.com\/en\/?s={search_term_string}"},"query-input":{"@type":"PropertyValueSpecification","valueRequired":true,"valueName":"search_term_string"}}],"inLanguage":"en-US"},{"@type":"Organization","@id":"https:\/\/servicesmecaniquesldr.com\/en\/#organization","name":"Services m\u00e9caniques LDR","url":"https:\/\/servicesmecaniquesldr.com\/en\/","logo":{"@type":"ImageObject","inLanguage":"en-US","@id":"https:\/\/servicesmecaniquesldr.com\/en\/#\/schema\/logo\/image\/","url":"https:\/\/servicesmecaniquesldr.com\/wp-content\/uploads\/2024\/07\/logo-footer-services-mecaniques-ldr.svg","contentUrl":"https:\/\/servicesmecaniquesldr.com\/wp-content\/uploads\/2024\/07\/logo-footer-services-mecaniques-ldr.svg","width":329,"height":160,"caption":"Services m\u00e9caniques LDR"},"image":{"@id":"https:\/\/servicesmecaniquesldr.com\/en\/#\/schema\/logo\/image\/"}}]}},"_links":{"self":[{"href":"https:\/\/servicesmecaniquesldr.com\/en\/wp-json\/wp\/v2\/pages\/869","targetHints":{"allow":["GET"]}}],"collection":[{"href":"https:\/\/servicesmecaniquesldr.com\/en\/wp-json\/wp\/v2\/pages"}],"about":[{"href":"https:\/\/servicesmecaniquesldr.com\/en\/wp-json\/wp\/v2\/types\/page"}],"author":[{"embeddable":true,"href":"https:\/\/servicesmecaniquesldr.com\/en\/wp-json\/wp\/v2\/users\/7"}],"replies":[{"embeddable":true,"href":"https:\/\/servicesmecaniquesldr.com\/en\/wp-json\/wp\/v2\/comments?post=869"}],"version-history":[{"count":5,"href":"https:\/\/servicesmecaniquesldr.com\/en\/wp-json\/wp\/v2\/pages\/869\/revisions"}],"predecessor-version":[{"id":964,"href":"https:\/\/servicesmecaniquesldr.com\/en\/wp-json\/wp\/v2\/pages\/869\/revisions\/964"}],"wp:attachment":[{"href":"https:\/\/servicesmecaniquesldr.com\/en\/wp-json\/wp\/v2\/media?parent=869"}],"curies":[{"name":"wp","href":"https:\/\/api.w.org\/{rel}","templated":true}]}}