{"id":878,"date":"2024-07-12T08:45:31","date_gmt":"2024-07-12T12:45:31","guid":{"rendered":"https:\/\/servicesmecaniquesldr.com\/pieces\/"},"modified":"2025-02-14T14:51:58","modified_gmt":"2025-02-14T19:51:58","slug":"parts","status":"publish","type":"page","link":"https:\/\/servicesmecaniquesldr.com\/en\/parts\/","title":{"rendered":"Parts"},"content":{"rendered":"<p>[et_pb_section fb_built=&#8221;1&#8243; module_class=&#8221;head-page&#8221; _builder_version=&#8221;4.26.1&#8243; _module_preset=&#8221;default&#8221; background_image=&#8221;https:\/\/servicesmecaniquesldr.com\/wp-content\/uploads\/2024\/07\/vente-de-pieces-mecaniques-ldr-1.jpg&#8221; global_colors_info=&#8221;{}&#8221;][et_pb_row _builder_version=&#8221;4.26.0&#8243; _module_preset=&#8221;default&#8221; global_colors_info=&#8221;{}&#8221;][et_pb_column type=&#8221;4_4&#8243; _builder_version=&#8221;4.26.0&#8243; _module_preset=&#8221;default&#8221; global_colors_info=&#8221;{}&#8221;][et_pb_text module_class=&#8221;texte-blanc h1-barres-blanches&#8221; _builder_version=&#8221;4.27.0&#8243; _module_preset=&#8221;default&#8221; background_enable_color=&#8221;off&#8221; global_colors_info=&#8221;{}&#8221;]<\/p>\n<h1>Mechanical part sales<\/h1>\n<h5>No matter the component or brand, we can supply the part you need quickly and efficiently.<\/h5>\n<p>[\/et_pb_text][\/et_pb_column][\/et_pb_row][\/et_pb_section][et_pb_section fb_built=&#8221;1&#8243; _builder_version=&#8221;4.27.0&#8243; _module_preset=&#8221;default&#8221; background_color=&#8221;#eaeaf1&#8243; background_image=&#8221;https:\/\/servicesmecaniquesldr.com\/wp-content\/uploads\/2024\/07\/trace-blanche-services-mecaniques-ldr.svg&#8221; custom_padding=&#8221;||||false|false&#8221; locked=&#8221;off&#8221; global_colors_info=&#8221;{}&#8221;][et_pb_row column_structure=&#8221;1_2,1_2&#8243; use_custom_gutter=&#8221;on&#8221; gutter_width=&#8221;1&#8243; module_class=&#8221;full-row-img-droite&#8221; _builder_version=&#8221;4.26.0&#8243; _module_preset=&#8221;default&#8221; width=&#8221;100%&#8221; max_width=&#8221;none&#8221; custom_padding=&#8221;0px||0px||true|false&#8221; global_colors_info=&#8221;{}&#8221;][et_pb_column type=&#8221;1_2&#8243; _builder_version=&#8221;4.26.0&#8243; _module_preset=&#8221;default&#8221; global_colors_info=&#8221;{}&#8221;][et_pb_text module_class=&#8221;h3-barres-rouges&#8221; _builder_version=&#8221;4.27.4&#8243; _module_preset=&#8221;default&#8221; global_colors_info=&#8221;{}&#8221;]<\/p>\n<h2>A wide range of industrial parts suppliers<\/h2>\n<h3>Huge inventory<\/h3>\n<p>At <strong>Services m\u00e9caniques LDR<\/strong>, we understand that dealerships don\u2019t have a monopoly on repairs. That\u2019s why we\u2019ve built an extensive network of Canadian, American and international suppliers to get you the parts you need, at the best price. We are passionate about development and leverages our expertise and experience to purchase from all over the world, guaranteeing a wide variety of quality industrial parts. No matter the component or brand, we can supply the part you need quickly and efficiently, to keep your machines running at peak performance.<\/p>\n<p>Our vast warehouse stocks a wide range of parts, including traction parts, oils and ground engaging tools.<\/p>\n<p>[\/et_pb_text][\/et_pb_column][et_pb_column type=&#8221;1_2&#8243; _builder_version=&#8221;4.26.0&#8243; _module_preset=&#8221;default&#8221; global_colors_info=&#8221;{}&#8221;][et_pb_image src=&#8221;https:\/\/servicesmecaniquesldr.com\/wp-content\/uploads\/2024\/07\/entrepot-services-mecaniques-ldr.jpg&#8221; alt=&#8221;entrepot-services-mecaniques-ldr&#8221; title_text=&#8221;entrepot-services-mecaniques-ldr&#8221; show_bottom_space=&#8221;off&#8221; force_fullwidth=&#8221;on&#8221; _builder_version=&#8221;4.27.0&#8243; _module_preset=&#8221;default&#8221; custom_margin=&#8221;||50px||false|false&#8221; global_colors_info=&#8221;{}&#8221;][\/et_pb_image][et_pb_text _builder_version=&#8221;4.27.0&#8243; _module_preset=&#8221;default&#8221; max_width=&#8221;510px&#8221; global_colors_info=&#8221;{}&#8221;]<\/p>\n<h4>&#8220;Customers know I\u2019ll get back to them and they\u2019ll get their stuff on Friday.&#8221;<\/h4>\n<h3 style=\"text-align: right;\">Dave Par\u00e9<\/h3>\n<p style=\"text-align: right;\">Shareholder and general manager<\/p>\n<p>[\/et_pb_text][\/et_pb_column][\/et_pb_row][et_pb_row _builder_version=&#8221;4.26.1&#8243; _module_preset=&#8221;default&#8221; global_colors_info=&#8221;{}&#8221;][et_pb_column type=&#8221;4_4&#8243; _builder_version=&#8221;4.26.1&#8243; _module_preset=&#8221;default&#8221; global_colors_info=&#8221;{}&#8221;][et_pb_button button_url=&#8221;https:\/\/www.machinerytrader.com\/parts\/search?LocationID=350014140459SearchType=StartPartsSource=Machinery&#8221; url_new_window=&#8221;on&#8221; button_text=&#8221;parts inventory&#8221; button_alignment=&#8221;center&#8221; _builder_version=&#8221;4.27.0&#8243; _module_preset=&#8221;default&#8221; global_colors_info=&#8221;{}&#8221;][\/et_pb_button][\/et_pb_column][\/et_pb_row][\/et_pb_section][et_pb_section fb_built=&#8221;1&#8243; _builder_version=&#8221;4.26.1&#8243; _module_preset=&#8221;default&#8221; background_enable_color=&#8221;off&#8221; locked=&#8221;off&#8221; global_colors_info=&#8221;{}&#8221;][et_pb_row column_structure=&#8221;1_2,1_2&#8243; _builder_version=&#8221;4.26.0&#8243; _module_preset=&#8221;default&#8221; global_colors_info=&#8221;{}&#8221;][et_pb_column type=&#8221;1_2&#8243; _builder_version=&#8221;4.26.0&#8243; _module_preset=&#8221;default&#8221; global_colors_info=&#8221;{}&#8221;][et_pb_image src=&#8221;https:\/\/servicesmecaniquesldr.com\/wp-content\/uploads\/2024\/07\/reparation-piece-machinerie-ldr.jpg&#8221; alt=&#8221;reparation-piece-machinerie-ldr&#8221; title_text=&#8221;reparation-piece-machinerie-ldr&#8221; _builder_version=&#8221;4.26.1&#8243; _module_preset=&#8221;default&#8221; global_colors_info=&#8221;{}&#8221;][\/et_pb_image][\/et_pb_column][et_pb_column type=&#8221;1_2&#8243; _builder_version=&#8221;4.26.0&#8243; _module_preset=&#8221;default&#8221; global_colors_info=&#8221;{}&#8221;][et_pb_text module_class=&#8221;h2-barres-rouges&#8221; _builder_version=&#8221;4.27.0&#8243; _module_preset=&#8221;default&#8221; global_colors_info=&#8221;{}&#8221;]<\/p>\n<h2>Custom-built parts<\/h2>\n<p>We have the expertise to rebuild or repair the parts you need. No matter how big the challenge is, our team will meet your expectations.<\/p>\n<p>[\/et_pb_text][et_pb_blurb image=&#8221;https:\/\/servicesmecaniquesldr.com\/wp-content\/uploads\/2024\/08\/elliot-rond-services-mecaniques-ldr.png&#8221; alt=&#8221;elliot-rond-services-mecaniques-ldr&#8221; icon_placement=&#8221;left&#8221; module_class=&#8221;conseiller&#8221; _builder_version=&#8221;4.27.4&#8243; _module_preset=&#8221;default&#8221; hover_enabled=&#8221;0&#8243; global_colors_info=&#8221;{}&#8221; title_text=&#8221;elliot-rond-services-mecaniques-ldr&#8221; sticky_enabled=&#8221;0&#8243;]<\/p>\n<h3>Elliott B\u00e9dard-Trottier<\/h3>\n<p>Traction parts clerk<\/p>\n<h4><a href=\"tel:4186718148\">418 671-8148<\/a><\/h4>\n<p>[\/et_pb_blurb][\/et_pb_column][\/et_pb_row][\/et_pb_section][et_pb_section fb_built=&#8221;1&#8243; _builder_version=&#8221;4.26.1&#8243; _module_preset=&#8221;default&#8221; global_colors_info=&#8221;{}&#8221;][et_pb_row _builder_version=&#8221;4.26.1&#8243; _module_preset=&#8221;default&#8221; global_colors_info=&#8221;{}&#8221;][et_pb_column type=&#8221;4_4&#8243; _builder_version=&#8221;4.26.1&#8243; _module_preset=&#8221;default&#8221; global_colors_info=&#8221;{}&#8221;][et_pb_text _builder_version=&#8221;4.27.0&#8243; _module_preset=&#8221;default&#8221; global_colors_info=&#8221;{}&#8221;]<\/p>\n<h2>Inventory parts available<\/h2>\n<p>[\/et_pb_text][\/et_pb_column][\/et_pb_row][et_pb_row column_structure=&#8221;1_2,1_2&#8243; _builder_version=&#8221;4.26.0&#8243; _module_preset=&#8221;default&#8221; background_color=&#8221;#FFFFFF&#8221; custom_padding=&#8221;25px|40px|25px|40px|true|true&#8221; box_shadow_style=&#8221;preset1&#8243; locked=&#8221;off&#8221; global_colors_info=&#8221;{}&#8221;][et_pb_column type=&#8221;1_2&#8243; _builder_version=&#8221;4.26.0&#8243; _module_preset=&#8221;default&#8221; global_colors_info=&#8221;{}&#8221;][et_pb_text module_class=&#8221;h3-ligne-rouge&#8221; _builder_version=&#8221;4.27.0&#8243; _module_preset=&#8221;default&#8221; global_colors_info=&#8221;{}&#8221;]<\/p>\n<h3>Spare parts<\/h3>\n<h3>Pavement milling<\/h3>\n<h3>Grinder teeth<\/h3>\n<h3>Rubber tracks<\/h3>\n<p>[\/et_pb_text][\/et_pb_column][et_pb_column type=&#8221;1_2&#8243; _builder_version=&#8221;4.26.0&#8243; _module_preset=&#8221;default&#8221; global_colors_info=&#8221;{}&#8221;][et_pb_text module_class=&#8221;h3-ligne-rouge&#8221; _builder_version=&#8221;4.27.0&#8243; _module_preset=&#8221;default&#8221; global_colors_info=&#8221;{}&#8221;]<\/p>\n<h3>Traction chains<\/h3>\n<h3>Ground engaging tools<\/h3>\n<h3>Rollers<\/h3>\n<h3>Tension springs<\/h3>\n<p>[\/et_pb_text][\/et_pb_column][\/et_pb_row][\/et_pb_section][et_pb_section fb_built=&#8221;1&#8243; module_class=&#8221;texte-blanc&#8221; _builder_version=&#8221;4.26.1&#8243; _module_preset=&#8221;default&#8221; background_image=&#8221;https:\/\/servicesmecaniquesldr.com\/wp-content\/uploads\/2024\/07\/vente-pneus-services-mecaniques-ldr.jpg&#8221; locked=&#8221;off&#8221; global_colors_info=&#8221;{}&#8221;][et_pb_row _builder_version=&#8221;4.26.1&#8243; _module_preset=&#8221;default&#8221; global_colors_info=&#8221;{}&#8221;][et_pb_column type=&#8221;4_4&#8243; _builder_version=&#8221;4.26.1&#8243; _module_preset=&#8221;default&#8221; global_colors_info=&#8221;{}&#8221;][et_pb_text module_class=&#8221;h2-barres-rouges&#8221; _builder_version=&#8221;4.27.0&#8243; _module_preset=&#8221;default&#8221; global_colors_info=&#8221;{}&#8221;]<\/p>\n<h2 style=\"text-align: center;\">Tire sales and installation<\/h2>\n<p style=\"text-align: center;\">At <strong>Services m\u00e9caniques LDR<\/strong>, we offer tire sales and installation services. We have a complete selection of new tires of all sizes for vans and heavy trucks.<\/p>\n<p>[\/et_pb_text][et_pb_button button_url=&#8221;@ET-DC@eyJkeW5hbWljIjp0cnVlLCJjb250ZW50IjoicG9zdF9saW5rX3VybF9wYWdlIiwic2V0dGluZ3MiOnsicG9zdF9pZCI6IjM0IiwiZW5hYmxlX2h0bWwiOiJvZmYifX0=@&#8221; button_text=&#8221;Request a quote&#8221; button_alignment=&#8221;center&#8221; _builder_version=&#8221;4.27.0&#8243; _dynamic_attributes=&#8221;button_url&#8221; _module_preset=&#8221;default&#8221; global_colors_info=&#8221;{}&#8221;][\/et_pb_button][\/et_pb_column][\/et_pb_row][\/et_pb_section][et_pb_section fb_built=&#8221;1&#8243; module_class=&#8221;texte-blanc&#8221; _builder_version=&#8221;4.26.0&#8243; _module_preset=&#8221;default&#8221; custom_padding=&#8221;0px||0px||true|false&#8221; saved_tabs=&#8221;all&#8221; global_colors_info=&#8221;{}&#8221;][et_pb_row column_structure=&#8221;1_2,1_2&#8243; use_custom_gutter=&#8221;on&#8221; gutter_width=&#8221;1&#8243; make_equal=&#8221;on&#8221; _builder_version=&#8221;4.26.0&#8243; _module_preset=&#8221;default&#8221; width=&#8221;100%&#8221; max_width=&#8221;none&#8221; custom_padding=&#8221;0px||0px||true|false&#8221; global_colors_info=&#8221;{}&#8221;][et_pb_column type=&#8221;1_2&#8243; _builder_version=&#8221;4.26.0&#8243; _module_preset=&#8221;default&#8221; global_colors_info=&#8221;{}&#8221;][et_pb_image src=&#8221;https:\/\/servicesmecaniquesldr.com\/wp-content\/uploads\/2024\/07\/contact-services-mecaniques-ldr-2.jpg&#8221; alt=&#8221;contact-services-mecaniques-ldr&#8221; title_text=&#8221;contact-services-mecaniques-ldr&#8221; force_fullwidth=&#8221;on&#8221; _builder_version=&#8221;4.26.1&#8243; _module_preset=&#8221;default&#8221; global_colors_info=&#8221;{}&#8221;][\/et_pb_image][\/et_pb_column][et_pb_column type=&#8221;1_2&#8243; _builder_version=&#8221;4.26.0&#8243; _module_preset=&#8221;default&#8221; background_color=&#8221;#1300f2&#8243; custom_padding=&#8221;50px|50px|50px|50px|true|true&#8221; global_colors_info=&#8221;{}&#8221;][et_pb_text module_class=&#8221;btn-outline&#8221; _builder_version=&#8221;4.27.0&#8243; _module_preset=&#8221;default&#8221; custom_margin=&#8221;||35px||false|false&#8221; global_colors_info=&#8221;{}&#8221;]<\/p>\n<h2>Contact us<\/h2>\n<p>Talk to us about your heavy machinery, heavy vehicle or industrial fleet mechanic needs. We look forward to hearing from you.<\/p>\n<p>\n<div class=\"wpcf7 no-js\" id=\"wpcf7-f894-o1\" lang=\"en-US\" dir=\"ltr\" data-wpcf7-id=\"894\">\n<div class=\"screen-reader-response\"><p role=\"status\" aria-live=\"polite\" aria-atomic=\"true\"><\/p> <ul><\/ul><\/div>\n<form action=\"\/en\/wp-json\/wp\/v2\/pages\/878#wpcf7-f894-o1\" method=\"post\" class=\"wpcf7-form init\" aria-label=\"Contact form\" enctype=\"multipart\/form-data\" novalidate=\"novalidate\" data-status=\"init\">\n<fieldset class=\"hidden-fields-container\"><input type=\"hidden\" name=\"_wpcf7\" value=\"894\" \/><input type=\"hidden\" name=\"_wpcf7_version\" value=\"6.1.5\" \/><input type=\"hidden\" name=\"_wpcf7_locale\" value=\"en_US\" \/><input type=\"hidden\" name=\"_wpcf7_unit_tag\" value=\"wpcf7-f894-o1\" \/><input type=\"hidden\" name=\"_wpcf7_container_post\" value=\"0\" \/><input type=\"hidden\" name=\"_wpcf7_posted_data_hash\" value=\"\" \/><input type=\"hidden\" name=\"_wpcf7_recaptcha_response\" value=\"\" \/>\n<\/fieldset>\n<div class=\"input-50\">\n\t<p><span class=\"wpcf7-form-control-wrap\" data-name=\"nom\"><input size=\"40\" maxlength=\"400\" class=\"wpcf7-form-control wpcf7-text wpcf7-validates-as-required\" aria-required=\"true\" aria-invalid=\"false\" placeholder=\"Full name\" value=\"\" type=\"text\" name=\"nom\" \/><\/span><br \/>\n<span class=\"wpcf7-form-control-wrap\" data-name=\"entreprise\"><input size=\"40\" maxlength=\"400\" class=\"wpcf7-form-control wpcf7-text\" aria-invalid=\"false\" placeholder=\"Company\" value=\"\" type=\"text\" name=\"entreprise\" \/><\/span>\n\t<\/p>\n<\/div>\n<p><span class=\"wpcf7-form-control-wrap\" data-name=\"tel\"><input size=\"40\" maxlength=\"400\" class=\"wpcf7-form-control wpcf7-tel wpcf7-text wpcf7-validates-as-tel\" aria-invalid=\"false\" placeholder=\"Phone number\" value=\"\" type=\"tel\" name=\"tel\" \/><\/span><br \/>\n<span class=\"wpcf7-form-control-wrap\" data-name=\"courriel\"><input size=\"40\" maxlength=\"400\" class=\"wpcf7-form-control wpcf7-email wpcf7-validates-as-required wpcf7-text wpcf7-validates-as-email\" aria-required=\"true\" aria-invalid=\"false\" placeholder=\"Email address\" value=\"\" type=\"email\" name=\"courriel\" \/><\/span><br \/>\n<span class=\"wpcf7-form-control-wrap\" data-name=\"message\"><textarea cols=\"40\" rows=\"10\" maxlength=\"2000\" class=\"wpcf7-form-control wpcf7-textarea\" aria-invalid=\"false\" placeholder=\"Email address\" name=\"message\"><\/textarea><\/span><br \/>\n<span class=\"wpcf7-form-control-wrap\" data-name=\"plan\"><input size=\"40\" class=\"wpcf7-form-control wpcf7-file\" accept=\"image\/*,.txt,application\/pdf\" aria-invalid=\"false\" type=\"file\" name=\"plan\" \/><\/span>\n<\/p>\n<p><input class=\"wpcf7-form-control wpcf7-submit has-spinner\" type=\"submit\" value=\"Submit\" \/>\n<\/p><div class=\"wpcf7-response-output\" aria-hidden=\"true\"><\/div>\n<\/form>\n<\/div>\n[\/et_pb_text][\/et_pb_column][\/et_pb_row][\/et_pb_section]<\/p>\n","protected":false},"excerpt":{"rendered":"<p>Mechanical part sales No matter the component or brand, we can supply the part you need quickly and efficiently.A wide range of industrial parts suppliers Huge inventory At Services m\u00e9caniques LDR, we understand that dealerships don\u2019t have a monopoly on repairs. That\u2019s why we\u2019ve built an extensive network of Canadian, American and international suppliers to [&hellip;]<\/p>\n","protected":false},"author":7,"featured_media":0,"parent":0,"menu_order":0,"comment_status":"closed","ping_status":"closed","template":"","meta":{"_et_pb_use_builder":"on","_et_pb_old_content":"","_et_gb_content_width":"","footnotes":""},"class_list":["post-878","page","type-page","status-publish","hentry"],"yoast_head":"<!-- This site is optimized with the Yoast SEO plugin v27.4 - https:\/\/yoast.com\/product\/yoast-seo-wordpress\/ -->\n<title>Pi\u00e8ces | Services m\u00e9caniques LDR<\/title>\n<meta name=\"description\" content=\"Peu importe la composante ou la marque, nous sommes en mesure de vous fournir la pi\u00e8ce n\u00e9cessaire rapidement et efficacement.\" \/>\n<meta name=\"robots\" content=\"index, follow, max-snippet:-1, max-image-preview:large, max-video-preview:-1\" \/>\n<link rel=\"canonical\" href=\"https:\/\/servicesmecaniquesldr.com\/en\/parts\/\" \/>\n<meta property=\"og:locale\" content=\"en_US\" \/>\n<meta property=\"og:type\" content=\"article\" \/>\n<meta property=\"og:title\" content=\"Pi\u00e8ces | Services m\u00e9caniques LDR\" \/>\n<meta property=\"og:description\" content=\"Peu importe la composante ou la marque, nous sommes en mesure de vous fournir la pi\u00e8ce n\u00e9cessaire rapidement et efficacement.\" \/>\n<meta property=\"og:url\" content=\"https:\/\/servicesmecaniquesldr.com\/en\/parts\/\" \/>\n<meta property=\"og:site_name\" content=\"Services m\u00e9caniques LDR\" \/>\n<meta property=\"article:modified_time\" content=\"2025-02-14T19:51:58+00:00\" \/>\n<meta property=\"og:image\" content=\"https:\/\/servicesmecaniquesldr.com\/wp-content\/uploads\/2024\/07\/facebook-services-mecaniques-ldr.jpg\" \/>\n\t<meta property=\"og:image:width\" content=\"1200\" \/>\n\t<meta property=\"og:image:height\" content=\"675\" \/>\n\t<meta property=\"og:image:type\" content=\"image\/jpeg\" \/>\n<meta name=\"twitter:card\" content=\"summary_large_image\" \/>\n<meta name=\"twitter:label1\" content=\"Est. reading time\" \/>\n\t<meta name=\"twitter:data1\" content=\"6 minutes\" \/>\n<script type=\"application\/ld+json\" class=\"yoast-schema-graph\">{\"@context\":\"https:\\\/\\\/schema.org\",\"@graph\":[{\"@type\":\"WebPage\",\"@id\":\"https:\\\/\\\/servicesmecaniquesldr.com\\\/en\\\/parts\\\/\",\"url\":\"https:\\\/\\\/servicesmecaniquesldr.com\\\/en\\\/parts\\\/\",\"name\":\"Pi\u00e8ces | Services m\u00e9caniques LDR\",\"isPartOf\":{\"@id\":\"https:\\\/\\\/servicesmecaniquesldr.com\\\/en\\\/#website\"},\"datePublished\":\"2024-07-12T12:45:31+00:00\",\"dateModified\":\"2025-02-14T19:51:58+00:00\",\"description\":\"Peu importe la composante ou la marque, nous sommes en mesure de vous fournir la pi\u00e8ce n\u00e9cessaire rapidement et efficacement.\",\"breadcrumb\":{\"@id\":\"https:\\\/\\\/servicesmecaniquesldr.com\\\/en\\\/parts\\\/#breadcrumb\"},\"inLanguage\":\"en-US\",\"potentialAction\":[{\"@type\":\"ReadAction\",\"target\":[\"https:\\\/\\\/servicesmecaniquesldr.com\\\/en\\\/parts\\\/\"]}]},{\"@type\":\"BreadcrumbList\",\"@id\":\"https:\\\/\\\/servicesmecaniquesldr.com\\\/en\\\/parts\\\/#breadcrumb\",\"itemListElement\":[{\"@type\":\"ListItem\",\"position\":1,\"name\":\"Accueil\",\"item\":\"https:\\\/\\\/servicesmecaniquesldr.com\\\/en\\\/\"},{\"@type\":\"ListItem\",\"position\":2,\"name\":\"Parts\"}]},{\"@type\":\"WebSite\",\"@id\":\"https:\\\/\\\/servicesmecaniquesldr.com\\\/en\\\/#website\",\"url\":\"https:\\\/\\\/servicesmecaniquesldr.com\\\/en\\\/\",\"name\":\"Services m\u00e9caniques LDR\",\"description\":\"Garage de m\u00e9canique de machinerie lourde\",\"publisher\":{\"@id\":\"https:\\\/\\\/servicesmecaniquesldr.com\\\/en\\\/#organization\"},\"potentialAction\":[{\"@type\":\"SearchAction\",\"target\":{\"@type\":\"EntryPoint\",\"urlTemplate\":\"https:\\\/\\\/servicesmecaniquesldr.com\\\/en\\\/?s={search_term_string}\"},\"query-input\":{\"@type\":\"PropertyValueSpecification\",\"valueRequired\":true,\"valueName\":\"search_term_string\"}}],\"inLanguage\":\"en-US\"},{\"@type\":\"Organization\",\"@id\":\"https:\\\/\\\/servicesmecaniquesldr.com\\\/en\\\/#organization\",\"name\":\"Services m\u00e9caniques LDR\",\"url\":\"https:\\\/\\\/servicesmecaniquesldr.com\\\/en\\\/\",\"logo\":{\"@type\":\"ImageObject\",\"inLanguage\":\"en-US\",\"@id\":\"https:\\\/\\\/servicesmecaniquesldr.com\\\/en\\\/#\\\/schema\\\/logo\\\/image\\\/\",\"url\":\"https:\\\/\\\/servicesmecaniquesldr.com\\\/wp-content\\\/uploads\\\/2024\\\/07\\\/logo-footer-services-mecaniques-ldr.svg\",\"contentUrl\":\"https:\\\/\\\/servicesmecaniquesldr.com\\\/wp-content\\\/uploads\\\/2024\\\/07\\\/logo-footer-services-mecaniques-ldr.svg\",\"width\":329,\"height\":160,\"caption\":\"Services m\u00e9caniques LDR\"},\"image\":{\"@id\":\"https:\\\/\\\/servicesmecaniquesldr.com\\\/en\\\/#\\\/schema\\\/logo\\\/image\\\/\"}}]}<\/script>\n<!-- \/ Yoast SEO plugin. -->","yoast_head_json":{"title":"Pi\u00e8ces | Services m\u00e9caniques LDR","description":"Peu importe la composante ou la marque, nous sommes en mesure de vous fournir la pi\u00e8ce n\u00e9cessaire rapidement et efficacement.","robots":{"index":"index","follow":"follow","max-snippet":"max-snippet:-1","max-image-preview":"max-image-preview:large","max-video-preview":"max-video-preview:-1"},"canonical":"https:\/\/servicesmecaniquesldr.com\/en\/parts\/","og_locale":"en_US","og_type":"article","og_title":"Pi\u00e8ces | Services m\u00e9caniques LDR","og_description":"Peu importe la composante ou la marque, nous sommes en mesure de vous fournir la pi\u00e8ce n\u00e9cessaire rapidement et efficacement.","og_url":"https:\/\/servicesmecaniquesldr.com\/en\/parts\/","og_site_name":"Services m\u00e9caniques LDR","article_modified_time":"2025-02-14T19:51:58+00:00","og_image":[{"width":1200,"height":675,"url":"https:\/\/servicesmecaniquesldr.com\/wp-content\/uploads\/2024\/07\/facebook-services-mecaniques-ldr.jpg","type":"image\/jpeg"}],"twitter_card":"summary_large_image","twitter_misc":{"Est. reading time":"6 minutes"},"schema":{"@context":"https:\/\/schema.org","@graph":[{"@type":"WebPage","@id":"https:\/\/servicesmecaniquesldr.com\/en\/parts\/","url":"https:\/\/servicesmecaniquesldr.com\/en\/parts\/","name":"Pi\u00e8ces | Services m\u00e9caniques LDR","isPartOf":{"@id":"https:\/\/servicesmecaniquesldr.com\/en\/#website"},"datePublished":"2024-07-12T12:45:31+00:00","dateModified":"2025-02-14T19:51:58+00:00","description":"Peu importe la composante ou la marque, nous sommes en mesure de vous fournir la pi\u00e8ce n\u00e9cessaire rapidement et efficacement.","breadcrumb":{"@id":"https:\/\/servicesmecaniquesldr.com\/en\/parts\/#breadcrumb"},"inLanguage":"en-US","potentialAction":[{"@type":"ReadAction","target":["https:\/\/servicesmecaniquesldr.com\/en\/parts\/"]}]},{"@type":"BreadcrumbList","@id":"https:\/\/servicesmecaniquesldr.com\/en\/parts\/#breadcrumb","itemListElement":[{"@type":"ListItem","position":1,"name":"Accueil","item":"https:\/\/servicesmecaniquesldr.com\/en\/"},{"@type":"ListItem","position":2,"name":"Parts"}]},{"@type":"WebSite","@id":"https:\/\/servicesmecaniquesldr.com\/en\/#website","url":"https:\/\/servicesmecaniquesldr.com\/en\/","name":"Services m\u00e9caniques LDR","description":"Garage de m\u00e9canique de machinerie lourde","publisher":{"@id":"https:\/\/servicesmecaniquesldr.com\/en\/#organization"},"potentialAction":[{"@type":"SearchAction","target":{"@type":"EntryPoint","urlTemplate":"https:\/\/servicesmecaniquesldr.com\/en\/?s={search_term_string}"},"query-input":{"@type":"PropertyValueSpecification","valueRequired":true,"valueName":"search_term_string"}}],"inLanguage":"en-US"},{"@type":"Organization","@id":"https:\/\/servicesmecaniquesldr.com\/en\/#organization","name":"Services m\u00e9caniques LDR","url":"https:\/\/servicesmecaniquesldr.com\/en\/","logo":{"@type":"ImageObject","inLanguage":"en-US","@id":"https:\/\/servicesmecaniquesldr.com\/en\/#\/schema\/logo\/image\/","url":"https:\/\/servicesmecaniquesldr.com\/wp-content\/uploads\/2024\/07\/logo-footer-services-mecaniques-ldr.svg","contentUrl":"https:\/\/servicesmecaniquesldr.com\/wp-content\/uploads\/2024\/07\/logo-footer-services-mecaniques-ldr.svg","width":329,"height":160,"caption":"Services m\u00e9caniques LDR"},"image":{"@id":"https:\/\/servicesmecaniquesldr.com\/en\/#\/schema\/logo\/image\/"}}]}},"_links":{"self":[{"href":"https:\/\/servicesmecaniquesldr.com\/en\/wp-json\/wp\/v2\/pages\/878","targetHints":{"allow":["GET"]}}],"collection":[{"href":"https:\/\/servicesmecaniquesldr.com\/en\/wp-json\/wp\/v2\/pages"}],"about":[{"href":"https:\/\/servicesmecaniquesldr.com\/en\/wp-json\/wp\/v2\/types\/page"}],"author":[{"embeddable":true,"href":"https:\/\/servicesmecaniquesldr.com\/en\/wp-json\/wp\/v2\/users\/7"}],"replies":[{"embeddable":true,"href":"https:\/\/servicesmecaniquesldr.com\/en\/wp-json\/wp\/v2\/comments?post=878"}],"version-history":[{"count":11,"href":"https:\/\/servicesmecaniquesldr.com\/en\/wp-json\/wp\/v2\/pages\/878\/revisions"}],"predecessor-version":[{"id":1022,"href":"https:\/\/servicesmecaniquesldr.com\/en\/wp-json\/wp\/v2\/pages\/878\/revisions\/1022"}],"wp:attachment":[{"href":"https:\/\/servicesmecaniquesldr.com\/en\/wp-json\/wp\/v2\/media?parent=878"}],"curies":[{"name":"wp","href":"https:\/\/api.w.org\/{rel}","templated":true}]}}